{"id":1194,"date":"2013-10-08T02:40:06","date_gmt":"2013-10-08T02:40:06","guid":{"rendered":"http:\/\/127.0.0.1\/the-place-dev-1-6\/?page_id=1194"},"modified":"2026-04-09T12:19:27","modified_gmt":"2026-04-09T12:19:27","slug":"home-example-2","status":"publish","type":"page","link":"https:\/\/elriadandaluz.com\/fr\/","title":{"rendered":"Inicio"},"content":{"rendered":"<p><\/p>\n<p style=\"text-align: center;\"><strong><span style=\"font-size: 14pt;\">RESERVER EN DIRECT ET OBETENER UNE <span style=\"color: #ff0000;\">REMISE<\/span> DE\u00a0 <span style=\"font-size: 18pt; color: #ff0000;\">15%*<\/span> SUR VOTRE RESERVATION<\/span><\/strong><br \/>\n<strong><span style=\"font-size: 14pt;\">Ins\u00e9rez le code <span style=\"color: #8d2332; font-size: 18pt;\">web-23<\/span> sur le formulaire de reservation<br \/>\n<span style=\"color: #ff0000;\">*<\/span>Les r\u00e9servations de 3 nuits ou plus b\u00e9n\u00e9ficient d'une remise additionelle de <span style=\"color: #ff0000;\">5%<\/span><br \/>\n<\/span><\/strong><\/p>\n<p>&nbsp;<\/p>\n<div class=\"b24bookingstrip\" style=\"color: #2f2f2f; font-size: 14px; width: 100%; padding-top: 5px; padding-bottom: 5px; text-align: center; background: linear-gradient(top, #ffffff, #ffffff); filter: progid:DXImageTransform.Microsoft.gradient(startColorstr='#ffffff', endColorstr='#ffffff');\">\n<form style=\"margin: 0; padding: 0;\" action=\"https:\/\/www.beds24.com\/booking.php\" method=\"GET\" target=\"_blank\"><span style=\"display: inline-block; padding-right: 10px;\"><select id=\"fdate162552_date_propid63541\" style=\"font-size: inherit; margin: 0; padding: 0; color: #2f2f2f;\" name=\"fdate_date\">\u200b_<option value=\"1\">1<\/option><option value=\"2\">2<\/option><option value=\"3\">3<\/option><option value=\"4\">4<\/option><option value=\"5\">5<\/option><option value=\"6\">6<\/option><option value=\"7\">7<\/option><option value=\"8\">8<\/option><option value=\"9\">9<\/option><option value=\"10\">10<\/option><option value=\"11\">11<\/option><option value=\"12\">12<\/option><option value=\"13\">13<\/option><option value=\"14\">14<\/option><option value=\"15\">15<\/option><option value=\"16\">16<\/option><option value=\"17\">17<\/option><option value=\"18\">18<\/option><option value=\"19\">19<\/option><option value=\"20\">20<\/option><option value=\"21\">21<\/option><option value=\"22\">22<\/option><option value=\"23\">23<\/option><option value=\"24\">24<\/option><option value=\"25\">25<\/option><option value=\"26\">26<\/option><option value=\"27\">27<\/option><option value=\"28\">28<\/option><option value=\"29\">29<\/option><option value=\"30\">30<\/option><option value=\"31\">31<\/option><\/select><select id=\"fdate162552_monthyear_propid63541\" style=\"font-size: inherit; margin: 0; padding: 0; color: #2f2f2f;\" name=\"fdate_monthyear\"><option value=\"2019-04\">Apr 2019<\/option><option value=\"2019-05\">May 2019<\/option><option value=\"2019-06\">Jun 2019<\/option><option value=\"2019-07\">Jul 2019<\/option><option value=\"2019-08\">Aug 2019<\/option><option value=\"2019-09\">Sep 2019<\/option><option value=\"2019-10\">Oct 2019<\/option><option value=\"2019-11\">Nov 2019<\/option><option value=\"2019-12\">Dec 2019<\/option><option value=\"2020-01\">Jan 2020<\/option><option value=\"2020-02\">Feb 2020<\/option><option value=\"2020-03\">Mar 2020<\/option><option value=\"2020-04\">Apr 2020<\/option><option value=\"2020-05\">May 2020<\/option><option value=\"2020-06\">Jun 2020<\/option><option value=\"2020-07\">Jul 2020<\/option><option value=\"2020-08\">Aug 2020<\/option><option value=\"2020-09\">Sep 2020<\/option><option value=\"2020-10\">Oct 2020<\/option><option value=\"2020-11\">Nov 2020<\/option><option value=\"2020-12\">Dec 2020<\/option><option value=\"2021-01\">Jan 2021<\/option><option value=\"2021-02\">Feb 2021<\/option><option value=\"2021-03\">Mar 2021<\/option><\/select><\/span><\/p>\n<div style=\"display: inline;\"><span style=\"display: inline-block; padding-right: 10px;\"><select style=\"font-size: inherit; margin: 0; padding: 0; color: #2f2f2f;\" name=\"numnight\"><option value=\"1\">1 Night<\/option><option value=\"2\">2 Nights<\/option><option value=\"3\">3 Nights<\/option><option value=\"4\">4 Nights<\/option><option value=\"5\">5 Nights<\/option><option value=\"6\">6 Nights<\/option><option value=\"7\">7 Nights<\/option><option value=\"8\">8 Nights<\/option><option value=\"9\">9 Nights<\/option><option value=\"10\">10 Nights<\/option><option value=\"11\">11 Nights<\/option><option value=\"12\">12 Nights<\/option><option value=\"13\">13 Nights<\/option><option value=\"14\">14 Nights<\/option><option value=\"15\">15 Nights<\/option><option value=\"16\">16 Nights<\/option><option value=\"17\">17 Nights<\/option><option value=\"18\">18 Nights<\/option><option value=\"19\">19 Nights<\/option><option value=\"20\">20 Nights<\/option><option value=\"21\">21 Nights<\/option><option value=\"22\">22 Nights<\/option><option value=\"23\">23 Nights<\/option><option value=\"24\">24 Nights<\/option><option value=\"25\">25 Nights<\/option><option value=\"26\">26 Nights<\/option><option value=\"27\">27 Nights<\/option><option value=\"28\">28 Nights<\/option><option value=\"29\">29 Nights<\/option><option value=\"30\">30 Nights<\/option><option value=\"31\">31 Nights<\/option><\/select><\/span><span style=\"display: inline-block; padding-right: 10px;\"><select style=\"font-size: inherit; margin: 0; padding: 0; color: #2f2f2f;\" name=\"numadult\"><option value=\"1\">1 Guest<\/option><option value=\"2\">2 Guests<\/option><option value=\"3\">3 Guests<\/option><option value=\"4\">4 Guests<\/option><option value=\"5\">5 Guests<\/option><option value=\"6\">6 Guests<\/option><option value=\"7\">7 Guests<\/option><option value=\"8\">8 Guests<\/option><option value=\"9\">9 Guests<\/option><option value=\"10\">10 Guests<\/option><option value=\"11\">11 Guests<\/option><option value=\"12\">12 Guests<\/option><\/select><\/span><\/div>\n<p><span style=\"display: inline-block;\"><input style=\"font-size: inherit; color: #2f2f2f;\" name=\"subcheck\" type=\"submit\" value=\"R\u00e9server \" \/><input name=\"propid\" type=\"hidden\" value=\"63541\" \/><input name=\"subgetdates\" type=\"hidden\" value=\"1\" \/><input name=\"type\" type=\"hidden\" value=\"0\" \/><input name=\"page\" type=\"hidden\" value=\"showprice\" \/><input name=\"referer\" type=\"hidden\" value=\"BookingStrip\" \/><\/span><\/p>\n<\/form>\n<\/div>\n<p><script type='text\/javascript'>var dateNow = new Date();var dateFirst = new Date();dateFirst.setDate(dateFirst.getDate()+1);var numMonths = 24;var selectMonth = dateFirst.getMonth()+dateFirst.getYear()*12-dateNow.getMonth()-dateNow.getYear()*12;if (selectMonth < 0) {selectMonth=selectMonth+12;}var selectDay = dateFirst.getDate();var theList = document.getElementById('fdate162552_monthyear_propid63541');var theDayList = document.getElementById('fdate162552_date_propid63541');var len = theList.length;var i;for (i=len; i>=0; i--) {theList.options[i]=null;}var dateNow = new Date();var monthNow = dateNow.getMonth() + 1;var yearNow = dateNow.getFullYear();var monthName = new Array(12);monthName[0] = 'Jan';monthName[1] = 'Feb';monthName[2] = 'Mar';monthName[3] = 'Apr';monthName[4] = 'May';monthName[5] = 'Jun';monthName[6] = 'Jul';monthName[7] = 'Aug';monthName[8] = 'Sep';monthName[9] = 'Oct';monthName[10] = 'Nov';monthName[11] = 'Dec';var thisYear = yearNow;var thisMonth = monthNow;for (i=0; i<numMonths; i++) {if (thisMonth > 12) {thisMonth = 1;thisYear = thisYear + 1;}var thisMonthLead = thisMonth;if (thisMonth < 10) {thisMonthLead = '0' + thisMonth;}theList.options[i] = new Option(monthName[thisMonth-1]+' '+thisYear, thisYear+'-'+thisMonthLead);if (i == selectMonth) {theList.options[i].selected = true;}thisMonth = thisMonth + 1;}theDayList.options[selectDay-1].selected = true;<\/script><br \/>\n<div class=\"textured-area textured-area-middle-full-width\"><div class=\"textured-area-content\"><\/div><\/div><\/p>\n\n<span style=\"line-height: 2; font-size:18px\">\n<h2>EL RIAD ANDALUZ vous souhaite la bienvennue<\/h2>\n<div style=\"line-height: 1.4em;\">\n<p><strong>Id\u00e9alement situ\u00e9 dans une rue pi\u00e9tonne, \u00e0 quelques pas du coeur historique de Mal\u00e1ga, El Riad Andaluz propse des chambres d'h\u00f4tes dans une maison datant des ann\u00e9es 1790.<\/strong><strong>Adoss\u00e9 au Th\u00e9atre Cervantes, El Riad Andaluz est le point de d\u00e9part id\u00e9al pour d\u00e9couvrir Mal\u00e1ga.<\/strong><\/p>\n<p><strong>En quelques minutes vous rejoindrez La Plaza de la Merced o\u00f9 se trouve la maison natale de Picasso et son mus\u00e9e, L'Alcazaba, forteresse maure du XIeme si\u00e8cle, l'Alcazaba. A quelques pas de l\u00e0, le mus\u00e9e Picasso, Le Mus\u00e9e Carmen Thyssen et le Mus\u00e9e de Mal\u00e1ga et la Cath\u00e9drale s'offrent \u00e0 vous.<br \/>\nUn peu plus loin, les quais du port offrent une ag\u00e9able promenade vers le terminal de croisi\u00e8re et la plage de la Malagueta.<\/strong><\/p>\n<p><strong>En quelques minutes vous trouverez El Tapeo de Cervantes, Papa Piquillo et le c\u00e9l\u00e8bre El Pimpi dont Antonio Banderas est devenu actionnaire en 2017, quelques restaurants parmi les mieux cot\u00e9s.<\/strong><br \/>\n<strong>Les accros au shopping ne seront pas en reste en parcourant la Calle Marqu\u00e9s de Lario et la Calle Nueva.<\/strong><\/p>\n<p class=\"hp_district_endorsements hp_district_endorsements_lowercase\"><strong>Les gares routi\u00e8re et ferroviaire de Malaga sont accessibles en 15 minutes en taxi, tandis que l'a\u00e9roport de Malaga se situe en 25 minutes en voiture.<\/strong><\/p>\n<p class=\"hp_district_endorsements hp_district_endorsements_lowercase\"><strong>Le quartier M\u00e1laga Centro est un choix id\u00e9al pour les personnes appr\u00e9ciant les <span class=\"hp_district_endorsement_item\">mus\u00e9es<\/span>, <span class=\"hp_district_endorsement_item\">les tapas<\/span> ou <span class=\"hp_district_endorsement_item\">le shopping<\/span>.<\/strong><\/p>\n<\/div>\n<\/span><br \/>\n<div class=\"textured-area textured-area-middle-full-width\"><div class=\"textured-area-content\"><\/div><\/div><\/p>","protected":false},"excerpt":{"rendered":"<p>RESERVER EN DIRECT ET OBETENER UNE REMISE DE\u00a0 15%* SUR VOTRE RESERVATION Ins\u00e9rez le code web-23 sur le formulaire de reservation *Les r\u00e9servations de 3 nuits ou plus b\u00e9n\u00e9ficient d&#8217;une remise additionelle de 5% &nbsp; \u200b_12345678910111213141516171819202122232425262728293031Apr 2019May 2019Jun 2019Jul 2019Aug 2019Sep 2019Oct 2019Nov 2019Dec 2019Jan 2020Feb 2020Mar 2020Apr 2020May 2020Jun 2020Jul 2020Aug 2020Sep 2020Oct 2020Nov [&hellip;]<\/p>\n","protected":false},"author":1,"featured_media":0,"parent":0,"menu_order":0,"comment_status":"closed","ping_status":"closed","template":"","meta":{"om_disable_all_campaigns":false,"footnotes":""},"class_list":["post-1194","page","type-page","status-publish","hentry"],"_links":{"self":[{"href":"https:\/\/elriadandaluz.com\/fr\/wp-json\/wp\/v2\/pages\/1194","targetHints":{"allow":["GET"]}}],"collection":[{"href":"https:\/\/elriadandaluz.com\/fr\/wp-json\/wp\/v2\/pages"}],"about":[{"href":"https:\/\/elriadandaluz.com\/fr\/wp-json\/wp\/v2\/types\/page"}],"author":[{"embeddable":true,"href":"https:\/\/elriadandaluz.com\/fr\/wp-json\/wp\/v2\/users\/1"}],"replies":[{"embeddable":true,"href":"https:\/\/elriadandaluz.com\/fr\/wp-json\/wp\/v2\/comments?post=1194"}],"version-history":[{"count":235,"href":"https:\/\/elriadandaluz.com\/fr\/wp-json\/wp\/v2\/pages\/1194\/revisions"}],"predecessor-version":[{"id":2972,"href":"https:\/\/elriadandaluz.com\/fr\/wp-json\/wp\/v2\/pages\/1194\/revisions\/2972"}],"wp:attachment":[{"href":"https:\/\/elriadandaluz.com\/fr\/wp-json\/wp\/v2\/media?parent=1194"}],"curies":[{"name":"wp","href":"https:\/\/api.w.org\/{rel}","templated":true}]}}