{"id":2711,"date":"2022-06-23T11:05:35","date_gmt":"2022-06-23T11:05:35","guid":{"rendered":"https:\/\/elriadandaluz.com\/?page_id=2711"},"modified":"2022-06-23T11:05:35","modified_gmt":"2022-06-23T11:05:35","slug":"contact-page-with-map","status":"publish","type":"page","link":"https:\/\/elriadandaluz.com\/fr\/contact-page-with-map\/","title":{"rendered":"Contact page with map"},"content":{"rendered":"<p><div class=\"textured-area textured-area-middle-full-width\"><div class=\"textured-area-content\"><\/div><\/div><\/p>\n<div class=\"one-third column alpha\">\n<h2>De l&#8217;a\u00e9roport<\/h2>\n<div class=\"list-alternate\"><\/p>\n<ul>\n<li>\n<h4><strong>TAXI (25 Eur)<\/strong><\/h4>\n<p style=\"text-align: justify;\">Pour faciliter votre arriv\u00e9e, nous faisons la r\u00e9servation pour vous.<br \/>\nSimplement nous communiquer les d\u00e9tails de vol (Horaire, compagnie et n\u00ba de vol).<br \/>\nLe chauffeur vous attendra dans le hall de sortie.<\/p>\n<\/li>\n<li>\n<h4 style=\"text-align: justify;\"><strong>BUS<\/strong><\/h4>\n<p style=\"text-align: justify;\"><strong>BUS A<\/strong> \u2013 En sortant de l&#8217;a\u00e9roport traverser tout droit jusqu&#8217;a l&#8217;arr\u00eat (1956), Descendre au terminus de la ligne <strong>Plaza del General Torrijos<\/strong>.<br \/>\nEn descendant du bus, traverser l&#8217;avenue, se diriger \u00e0 droite et remonter par le tunnel jusqu&#8217;\u00e0 la <strong>Plaza de la Merced<\/strong>, longer la place jusqu&#8217;\u00e0 la pharmacie, remonter la <strong>Calle Madre de Dios<\/strong> jusqu\u2019au no. 39, en face se trouve la rue pi\u00e9tonne <strong>Calle Hinestrosa<\/strong>, nous sommes au fond au n\u00ba24.<\/p>\n<\/li>\n<li>\n<h4 style=\"text-align: justify;\"><strong>TRAIN<\/strong><\/h4>\n<p style=\"text-align: justify;\"><strong>Ligne Cercan\u00edas C1<\/strong> &#8211; En sortant de l&#8217;a\u00e9roport traverser tout droit jusqu&#8217;\u00e0 la gare. Descendre soit \u00e0 la <a href=\"http:\/\/estabus.malaga.eu\/\">Gare Mar\u00eda Zambrano<\/a> ou la station M\u00e1laga Centro Alameda. Puis prendre le Bus L1 sur l&#8217;<strong>Av. de la Aurora<\/strong> (Arr\u00eat 253 &#8211; Correos).<\/p>\n<\/li>\n<\/ul>\n<p><\/div>\n<\/div><div class=\"one-third column \">\n<h2>Depuis la <a href=\"http:\/\/estabus.malaga.eu\/\">Station de Bus<\/a> ou La <a href=\"http:\/\/www.adif.es\/es_ES\/infraestructuras\/estaciones\/54413\/informacion_000240.shtml\">Gare Mar\u00eda Zambrano<\/a><\/h2>\n<div class=\"list-alternate\"><\/p>\n<ul>\n<li>\n<h4 style=\"text-align: justify;\"><strong>TAXI <\/strong><\/h4>\n<p style=\"text-align: justify;\">Prendre un taxi et donner l\u2019adresse suivante, <strong>Calle Frailes 15-17<\/strong> derri\u00e8re le th\u00e9\u00e0tre Cervantes, nous sommes dans la petite rue pi\u00e9tonne sur la gauche au n\u00ba 24.<\/p>\n<\/li>\n<li style=\"text-align: justify;\">\n<h4><strong>BUS<\/strong><\/h4>\n<p><strong>BUS C2<\/strong> \u2013 L\u2019arr\u00eat (501) Esplanada de la Estaci\u00f3n sur l&#8217;esplanade de la gare. Suivre <strong>&#8230;Calle Victoria<\/strong><\/p>\n<p><strong>BUS L1<\/strong> \u2013 Depuis l\u2019entr\u00e9e principale de la <a href=\"http:\/\/www.adif.es\/es_ES\/infraestructuras\/estaciones\/54413\/informacion_000240.shtml\">Gare Mar\u00eda Zambrano<\/a>, suivre le trafic jusqu\u2019a la <strong>Calle Ayala<\/strong>, traverser sur la gauche l<strong>\u2019Avda. Ingeneria Jos\u00e9 Mar\u00eda Garnica<\/strong>, entrer dans la <strong>Calle Salitre<\/strong> jusqu\u2019a l\u2019arr\u00eat de bus 368\u00a0 Jacinto Verdaguer, suivre <strong>&#8230;Calle Victoria<\/strong><\/li>\n<li>\n<h4 style=\"text-align: justify;\">\u00a0&#8230;Calle Victoria<\/h4>\n<p style=\"text-align: justify;\">Descendre du bus dans la <strong>Calle Victoria <\/strong>(Arr\u00eat 103 &#8211; Victoria &#8211; Plaza de la Merced, premier arr\u00eat apr\u00e8s avoir travers\u00e9 le tunnel qui passe sous la Forteresse <a href=\"http:\/\/www.malagaturismo.com\/fr\/tourist-resources\/detail\/lalcazaba\/6\">Alcazaba<\/a>).<br \/>\nTraverser la <strong>Plaza de la Merced<\/strong> jusqu\u2019au restaurant Citron, remonter la <strong>Calle Madre de Dios<\/strong> jusqu\u2019au no. 39, en face se trouve la rue pi\u00e9tonne <strong>Calle Hinestrosa<\/strong>, nous sommes au fond au n\u00ba 24.<br \/>\n<\/div>\n<\/li>\n<li>\n<h3>NOTE IMPORTANTE<\/h3>\n<p><strong>Dans peu de cas il est permis de tourner \u00e0 gauche aux feux. En g\u00e9n\u00e9ral, il s&#8217;agit d&#8217;un rond point avec des feux, vous devez contourner le croisement \u00e0 la mani\u00e8re d&#8217;un rond point.<\/strong><\/p>\n<p><img loading=\"lazy\" decoding=\"async\" class=\"alignnone wp-image-1880\" src=\"\/wp-content\/uploads\/2018\/01\/rotonda.jpg\" alt=\"\" width=\"136\" height=\"72\" srcset=\"https:\/\/elriadandaluz.com\/wp-content\/uploads\/2018\/01\/rotonda.jpg 309w, https:\/\/elriadandaluz.com\/wp-content\/uploads\/2018\/01\/rotonda-300x158.jpg 300w\" sizes=\"auto, (max-width: 136px) 100vw, 136px\" \/><\/p>\n<p style=\"text-align: justify;\"><\/div><div class=\"one-third column omega\">\n<h2>En voiture<\/h2>\n<div class=\"list-alternate\">\n<ul>\n<li>\n<h4 style=\"text-align: justify;\">De l&#8217;a\u00e9roport par N-340, MA-20<\/h4>\n<p style=\"text-align: justify;\">Prendre la N-340 direction MA-21, prendre MA-21 continuer sur MA-20 direction A7 Almeria, sortie n\u00ba 9.<br \/>\nSur <strong>Av. Valle de Incl\u00e1n<\/strong> au Burger King prendre \u00e0 droite sur <strong>Av.Sim\u00f3n Bolivar<\/strong>, au rond-point prendre \u00e0 gauche sur <strong>Av. de Luis Bu\u00f1uel<\/strong>, en face du <a href=\"https:\/\/www.malagacf.com\/en\">Stadium La Rosaleda<\/a> prendre \u00e0 droite sur&#8230; <strong>Paseos Martir\u00edcos<\/strong><\/p>\n<\/li>\n<li style=\"text-align: justify;\">\n<h4>De Granada par A-92, A-45<\/h4>\n<p>Sortie 142b, descendre le boulevard sur 2,7 km, au <a href=\"https:\/\/www.malagacf.com\/en\">Stadium La Rosaleda<\/a> prendre \u00e0 droite, sur le pont serrer \u00e0 gauche et suivre&#8230; <strong>Paseos Martir\u00edcos<\/strong><\/li>\n<li style=\"text-align: justify;\">\n<h4>De Almeria par A-7<\/h4>\n<p>Sortie 243, descendre <strong>Av. de Guerrero Strachan<\/strong>, aux feux, prendre \u00e0 droite pour contourner vers la gauche sur <strong>Calle Emillio D\u00edaz<\/strong>, continuer \u00e0 droite sur <strong>Calle Fray Domingo Pimentel<\/strong>, traverser le pont, serrer \u00e0 gauche pour emprunter en face du <a href=\"https:\/\/www.malagacf.com\/en\">Stadium La Rosaleda<\/a>&#8230; <strong>Paseos Martir\u00edcos<\/strong><\/li>\n<li style=\"text-align: justify;\">\n<h4>De Almeria par N-340<\/h4>\n<p>Suivre la N340 en direction du port jusqu&#8217;\u00e0 la <strong>Plaza del Gen. Torrijos<\/strong>, direction centro, laisser la fontaine \u00e0 votre gauche jusqu&#8217;au feux, \u00e0 gauche remonter le tunnel, continuer tout droit apr\u00e8s le s\u00e9maphore et contourer la <strong>Plaza de la Merced&#8230;<\/strong><\/li>\n<li style=\"text-align: justify;\">\n<h4>&#8230;Paseos Martir\u00edcos,<\/h4>\n<p>Serrez \u00e0 gauche, aux feux, prendre \u00e0 gauche et traverser le pont, suivre <strong>Calle Cruz del Molinillo<\/strong>, \u00e0 la pharmacie \u00e0 droite sur <strong>Calle Oller\u00edas<\/strong>, aux feux prendre a gauche sur <strong>Calle Carreteria<\/strong> et continuer sur <strong>Calle \u00c1lamos<\/strong>, \u00e0 la pharmacie prendre \u00e0 gauche, longer <strong>Plaza de la Merced&#8230;<\/strong><\/li>\n<li>\n<h4 style=\"text-align: justify;\">&#8230;Plaza de la Merced<strong><br \/>\n<\/strong><\/h4>\n<p style=\"text-align: justify;\">Jusqu&#8217;\u00e0 la <a href=\"http:\/\/fundacionpicasso.malaga.eu\/portal\/seccion_0001?idioma.cultura.fpicasso=es\">maison natale de Picasso<\/a>, gauche droite dans la <strong>Calle Merced<\/strong>, prendre \u00e0 gauche <strong>Calle Frailes<\/strong>, entre les n\u00ba 15-17, vous arr\u00eater en double file, nous sommes dans rue pi\u00e9tonne sur la gauche au no 24.<\/p>\n<\/li>\n<li>\n<h4 style=\"text-align: justify;\">PARKING ALTLANTIDA<\/h4>\n<p style=\"text-align: justify;\">Contiuer sur 100m dans Calle Refino. Indique que vous logez au Riad Andaluz pour obtenir une remise sur le tarif normal.<\/p>\n<p><\/div><\/div><div class=\"clear\"><\/div><\/li>\n<\/ul>\n<p>&nbsp;<\/li>\n<\/ul>\n<p><\/p>","protected":false},"excerpt":{"rendered":"<p>&nbsp;<\/p>\n","protected":false},"author":1,"featured_media":0,"parent":0,"menu_order":0,"comment_status":"closed","ping_status":"closed","template":"","meta":{"om_disable_all_campaigns":false,"footnotes":""},"class_list":["post-2711","page","type-page","status-publish","hentry"],"_links":{"self":[{"href":"https:\/\/elriadandaluz.com\/fr\/wp-json\/wp\/v2\/pages\/2711","targetHints":{"allow":["GET"]}}],"collection":[{"href":"https:\/\/elriadandaluz.com\/fr\/wp-json\/wp\/v2\/pages"}],"about":[{"href":"https:\/\/elriadandaluz.com\/fr\/wp-json\/wp\/v2\/types\/page"}],"author":[{"embeddable":true,"href":"https:\/\/elriadandaluz.com\/fr\/wp-json\/wp\/v2\/users\/1"}],"replies":[{"embeddable":true,"href":"https:\/\/elriadandaluz.com\/fr\/wp-json\/wp\/v2\/comments?post=2711"}],"version-history":[{"count":1,"href":"https:\/\/elriadandaluz.com\/fr\/wp-json\/wp\/v2\/pages\/2711\/revisions"}],"predecessor-version":[{"id":2940,"href":"https:\/\/elriadandaluz.com\/fr\/wp-json\/wp\/v2\/pages\/2711\/revisions\/2940"}],"wp:attachment":[{"href":"https:\/\/elriadandaluz.com\/fr\/wp-json\/wp\/v2\/media?parent=2711"}],"curies":[{"name":"wp","href":"https:\/\/api.w.org\/{rel}","templated":true}]}}