{"id":2840,"date":"2017-09-27T02:50:34","date_gmt":"2017-09-27T02:50:34","guid":{"rendered":"https:\/\/elriadandaluz.com\/?page_id=2"},"modified":"2022-07-14T11:38:44","modified_gmt":"2022-07-14T11:38:44","slug":"activities-2","status":"publish","type":"page","link":"https:\/\/elriadandaluz.com\/fr\/activities-2\/","title":{"rendered":"Actividades"},"content":{"rendered":"<p><\/p>\n<p class=\"flotte\">\n <img loading=\"lazy\" decoding=\"async\" class=\"wp-image-1982 alignleft\" src=\"https:\/\/elriadandaluz.com\/wp-content\/uploads\/2018\/07\/cooltoural-logo.jpg\" alt=\"\" width=\"257\" height=\"70\" \/>\n<\/p>\n<hr \/>\n<p><span style=\"font-size: 14pt; color: #333333;\"><strong>DECOUVREZ MALAGA COMME UN LOCAL<\/strong><\/span><br \/>\n+34 691 479 373  &#8211;  info@cooltoural.es  &#8211;  <a href=\"https:\/\/www.cooltoural.net\/\">www.cooltoural.es<\/a><\/p>\n<hr\/>\n<p>Malaga est une ville pleine d&#8217;aventure et de culture. Entre les mus\u00e9es, le flamenco, la plage et les bars a tapas, il peut \u00eatre difficile de s&#8217;y retrouver.<\/p>\n<p>Cooltoural vous permet de rencontrer des locaux qui vous feront d\u00e9couvrir l&#8217;\u00e2me du pays, son authenticit\u00e9, ses coins cach\u00e9s et vous donneront tous les\u200b bons plans pour que vous profitiez au maximum de votre s\u00e9jour.<\/p>\n<p>Pendant une visite personnalis\u00e9e de 2, 3 ou 4 heures avec un local, vous decouvrirez le \u00f1eilleur de Malaga tout en suivant une route sp\u00e9cialement cr\u00e9er en rapport avec vos centres d&#8217;int\u00e9r\u00eats<\/p>\n<p><img loading=\"lazy\" decoding=\"async\" class=\"alignnone size-full wp-image-1967\" src=\"https:\/\/elriadandaluz.com\/wp-content\/uploads\/2018\/07\/cooltouralfr.jpg\" alt=\"\" width=\"800\" height=\"250\" \/><\/p>","protected":false},"excerpt":{"rendered":"<p>DECOUVREZ MALAGA COMME UN LOCAL +34 691 479 373 &#8211; info@cooltoural.es &#8211; www.cooltoural.es Malaga est une ville pleine d&#8217;aventure et de culture. Entre les mus\u00e9es, le flamenco, la plage et les bars a tapas, il peut \u00eatre difficile de s&#8217;y retrouver. Cooltoural vous permet de rencontrer des locaux qui vous feront d\u00e9couvrir l&#8217;\u00e2me du pays, [&hellip;]<\/p>\n","protected":false},"author":1,"featured_media":0,"parent":0,"menu_order":0,"comment_status":"closed","ping_status":"closed","template":"","meta":{"om_disable_all_campaigns":false,"footnotes":""},"class_list":["post-2840","page","type-page","status-publish","hentry"],"_links":{"self":[{"href":"https:\/\/elriadandaluz.com\/fr\/wp-json\/wp\/v2\/pages\/2840","targetHints":{"allow":["GET"]}}],"collection":[{"href":"https:\/\/elriadandaluz.com\/fr\/wp-json\/wp\/v2\/pages"}],"about":[{"href":"https:\/\/elriadandaluz.com\/fr\/wp-json\/wp\/v2\/types\/page"}],"author":[{"embeddable":true,"href":"https:\/\/elriadandaluz.com\/fr\/wp-json\/wp\/v2\/users\/1"}],"replies":[{"embeddable":true,"href":"https:\/\/elriadandaluz.com\/fr\/wp-json\/wp\/v2\/comments?post=2840"}],"version-history":[{"count":12,"href":"https:\/\/elriadandaluz.com\/fr\/wp-json\/wp\/v2\/pages\/2840\/revisions"}],"predecessor-version":[{"id":2952,"href":"https:\/\/elriadandaluz.com\/fr\/wp-json\/wp\/v2\/pages\/2840\/revisions\/2952"}],"wp:attachment":[{"href":"https:\/\/elriadandaluz.com\/fr\/wp-json\/wp\/v2\/media?parent=2840"}],"curies":[{"name":"wp","href":"https:\/\/api.w.org\/{rel}","templated":true}]}}