{"id":2909,"date":"2021-11-23T15:43:12","date_gmt":"2021-11-23T15:43:12","guid":{"rendered":"https:\/\/elriadandaluz.com\/?page_id=2909"},"modified":"2021-11-25T13:21:17","modified_gmt":"2021-11-25T13:21:17","slug":"privacidad","status":"publish","type":"page","link":"https:\/\/elriadandaluz.com\/fr\/privacidad\/","title":{"rendered":"(Espa\u00f1ol) Pol\u00edtica de Privacidad"},"content":{"rendered":"<p><\/p>\n<h2>Politique de confidentialit\u00e9<\/h2>\n<p>EL RIAD ANDALUZ, prend votre vie priv\u00e9e tr\u00e8s au s\u00e9rieux. Nous stockons vos donn\u00e9es en toute s\u00e9curit\u00e9 et les traitons conform\u00e9ment aux dispositions du R\u00e8glement g\u00e9n\u00e9ral sur la protection des donn\u00e9es (RGPD) (UE) 2016\/679.<\/p>\n<p>Cette politique de confidentialit\u00e9 s&#8217;applique \u00e0 tous les clients d&#8217;EL RIAD ANDALUZ et aux services, produits et applications propos\u00e9s par EL RIAD ANDALUZ.<\/p>\n<p>En acceptant les termes de cette politique de confidentialit\u00e9, l&#8217;utilisateur accepte le traitement automatis\u00e9 des donn\u00e9es personnelles fournies, aux fins indiqu\u00e9es ici.<\/p>\n<p><strong>1. Donn\u00e9es personnelles.<\/strong><br \/>\nNous vous demandons de fournir les informations suivantes lorsque vous vous inscrivez \/ nous contactez sur notre site Web et demandez les services que nous proposons : votre nom complet, votre adresse e-mail, votre num\u00e9ro de t\u00e9l\u00e9phone et vos adresses de facturation et de livraison.<\/p>\n<p><strong>2. Informations collect\u00e9es.<\/strong><br \/>\n.Dans les cas o\u00f9 les lois et r\u00e8glements de certaines juridictions l&#8217;exigent, EL RIAD ANDALUZ a le droit de demander les donn\u00e9es personnelles de l&#8217;utilisateur pour v\u00e9rifier son identit\u00e9 : confirmation de son lieu de r\u00e9sidence, copies num\u00e9ris\u00e9es de l&#8217;identit\u00e9 de l&#8217;utilisateur document, passeport, contrats de location ou de travail, factures de services publics, une photo de l&#8217;utilisateur avec ses documents personnels et autres informations connexes. Vous pouvez trouver plus d&#8217;informations sur les cookies sur ce site Web.<\/p>\n<p><strong>3. Finalit\u00e9s.<\/strong><br \/>\nLes donn\u00e9es personnelles sont collect\u00e9es et stock\u00e9es pour les finalit\u00e9s suivantes : g\u00e9rer votre compte personnel ; fournir et g\u00e9rer les services que vous avez demand\u00e9s ; traiter les paiements et la comptabilit\u00e9 li\u00e9s \u00e0 votre compte personnel ; vous informer des mises \u00e0 jour, des nouveaut\u00e9s et des modifications du service. Afin de se conformer aux exigences r\u00e9glementaires \u00e9tablies par le secteur des t\u00e9l\u00e9communications, les informations personnelles vous sont n\u00e9cessaires pour commander et utiliser nos produits et services.<\/p>\n<p><strong>4. Informations fournies par l&#8217;utilisateur.<\/strong><br \/>\nVous assumez l&#8217;enti\u00e8re responsabilit\u00e9 des informations et documents que vous nous fournissez. Nous nous r\u00e9servons le droit d&#8217;annuler tous nos services si les informations que vous avez fournies sont fausses, incompl\u00e8tes ou incorrectes, comprennent des donn\u00e9es personnelles, des informations ou des documents qui ont \u00e9t\u00e9 vol\u00e9s.<br \/>\n4. Informations fournies par l&#8217;utilisateur Vous assumez l&#8217;enti\u00e8re responsabilit\u00e9 des informations et documents que vous nous fournissez. Nous nous r\u00e9servons le droit d&#8217;annuler tous nos services si les informations que vous avez fournies sont fausses, incompl\u00e8tes ou incorrectes, comprennent des donn\u00e9es personnelles, des informations ou des documents qui ont \u00e9t\u00e9 vol\u00e9s.<\/p>\n<p><strong>5. Tiers.<\/strong><br \/>\nSi vous avez d\u00e9cid\u00e9 de fournir des informations personnellement identifiables, rappelez-vous que celles-ci ne seront utilis\u00e9es que dans le cadre de votre relation client avec EL RIAD ANDALUZ. Nous ne partagerons, vendrons, louerons ou transf\u00e9rerons pas vos donn\u00e9es personnelles \u00e0 des tiers. Vos informations personnelles peuvent \u00eatre utilis\u00e9es par les fournisseurs de produits et services avec lesquels nous travaillons dans certains pays, si les lois et r\u00e9glementations de ce pays l&#8217;exigent. \u00c0 la demande d&#8217;un organisme gouvernemental, d&#8217;une institution publique dont la fonction est l&#8217;application de la loi, d&#8217;un tribunal ou de toute autre mani\u00e8re que la loi l&#8217;exige, EL RIAD ANDALUZ peut divulguer vos donn\u00e9es personnelles et les informations li\u00e9es \u00e0 votre profil personnel d&#8217;EL RIAD ANDALOUSE. Nous vous demandons de ne pas utiliser nos services si vous n&#8217;acceptez pas une telle utilisation de vos informations personnelles.<\/p>\n<p><strong>6. Droits de l&#8217;utilisateur.<\/strong><br \/>\nVous pouvez consulter et modifier vos informations personnelles en contactant notre service client par e-mail. Conform\u00e9ment au R\u00e8glement g\u00e9n\u00e9ral sur la protection des donn\u00e9es (RGPD), vous avez le droit de r\u00e9voquer votre consentement relatif au traitement de vos donn\u00e9es personnelles et d&#8217;exercer votre droit d&#8217;acc\u00e8s, de rectification, d&#8217;annulation, de restriction, d&#8217;opposition et de portabilit\u00e9 des donn\u00e9es. Veuillez noter que si vous d\u00e9cidez de supprimer vos donn\u00e9es personnelles, vos actions peuvent nous emp\u00eacher de vous fournir nos produits et services. Pour toute question relative \u00e0 cette politique de confidentialit\u00e9, veuillez contacter elriadandaluz@hotmail.com<\/p>\n<p><strong>7. S\u00e9curit\u00e9.<\/strong><br \/>\nNous garantissons que toutes vos donn\u00e9es personnelles sont collect\u00e9es et stock\u00e9es en toute s\u00e9curit\u00e9. Nous respectons toutes les exigences techniques et effectuons les contr\u00f4les de s\u00e9curit\u00e9 n\u00e9cessaires pour emp\u00eacher toute perte, utilisation abusive, alt\u00e9ration ou acc\u00e8s non autoris\u00e9 aux informations personnelles par des tiers.<\/p>","protected":false},"excerpt":{"rendered":"<p>Politique de confidentialit\u00e9 EL RIAD ANDALUZ, prend votre vie priv\u00e9e tr\u00e8s au s\u00e9rieux. Nous stockons vos donn\u00e9es en toute s\u00e9curit\u00e9 et les traitons conform\u00e9ment aux dispositions du R\u00e8glement g\u00e9n\u00e9ral sur la protection des donn\u00e9es (RGPD) (UE) 2016\/679. Cette politique de confidentialit\u00e9 s&#8217;applique \u00e0 tous les clients d&#8217;EL RIAD ANDALUZ et aux services, produits et applications [&hellip;]<\/p>\n","protected":false},"author":1,"featured_media":0,"parent":0,"menu_order":0,"comment_status":"closed","ping_status":"closed","template":"elementor_theme","meta":{"om_disable_all_campaigns":false,"footnotes":""},"class_list":["post-2909","page","type-page","status-publish","hentry"],"_links":{"self":[{"href":"https:\/\/elriadandaluz.com\/fr\/wp-json\/wp\/v2\/pages\/2909","targetHints":{"allow":["GET"]}}],"collection":[{"href":"https:\/\/elriadandaluz.com\/fr\/wp-json\/wp\/v2\/pages"}],"about":[{"href":"https:\/\/elriadandaluz.com\/fr\/wp-json\/wp\/v2\/types\/page"}],"author":[{"embeddable":true,"href":"https:\/\/elriadandaluz.com\/fr\/wp-json\/wp\/v2\/users\/1"}],"replies":[{"embeddable":true,"href":"https:\/\/elriadandaluz.com\/fr\/wp-json\/wp\/v2\/comments?post=2909"}],"version-history":[{"count":4,"href":"https:\/\/elriadandaluz.com\/fr\/wp-json\/wp\/v2\/pages\/2909\/revisions"}],"predecessor-version":[{"id":2925,"href":"https:\/\/elriadandaluz.com\/fr\/wp-json\/wp\/v2\/pages\/2909\/revisions\/2925"}],"wp:attachment":[{"href":"https:\/\/elriadandaluz.com\/fr\/wp-json\/wp\/v2\/media?parent=2909"}],"curies":[{"name":"wp","href":"https:\/\/api.w.org\/{rel}","templated":true}]}}